{"id":158,"date":"2023-02-27T18:24:31","date_gmt":"2023-02-27T18:24:31","guid":{"rendered":"https:\/\/www.cmvalldarbucies.cat\/?page_id=158"},"modified":"2026-03-22T19:40:16","modified_gmt":"2026-03-22T19:40:16","slug":"17km-600d-2","status":"publish","type":"page","link":"https:\/\/www.cmvalldarbucies.cat\/index.php\/17km-600d-2\/","title":{"rendered":"MARXA DE LA PRIMAVERA 10KM I 15KM"},"content":{"rendered":"\n<div class=\"wp-block-columns is-layout-flex wp-container-core-columns-is-layout-1 wp-block-columns-is-layout-flex\">\n<div class=\"wp-block-column is-layout-flow wp-block-column-is-layout-flow\">\n<p>Des de fa uns anys es duen a terme dues marxes; la CL\u00c0SSICA Marxa de la primavera d&#8217;Arb\u00facies d&#8217;uns 15km i una variant d&#8217;aquesta d&#8217;uns 10km. <\/p>\n\n\n\n<p><strong>Cada any es dissenya un recorregut diferent<\/strong> que us permetr\u00e0 con\u00e8ixer els nostres camins i corriols senzills acompanyat de la fam\u00edlia i\/o els amics. Recorregut no cronometrat.<\/p>\n\n\n\n<div class=\"wp-block-buttons is-layout-flex wp-block-buttons-is-layout-flex\">\n<div class=\"wp-block-button aligncenter\"><a class=\"wp-block-button__link wp-element-button\" href=\"https:\/\/www.9hsports.cat\/ca\/informacio_cursa\/1137\" target=\"_blank\" rel=\"noreferrer noopener\">INSCRIPCI\u00d3<\/a><\/div>\n<\/div>\n\n\n\n<h2 class=\"wp-block-heading\"><strong>FITXA T\u00c8CNICA<\/strong> 15km<\/h2>\n\n\n\n<p><strong>DIST\u00c0NCIA<\/strong><\/p>\n\n\n\n<p><em>15KM<\/em><\/p>\n\n\n\n<p><strong>SORTIDA<\/strong><\/p>\n\n\n\n<p>DIUMENGE 10 DE MAIG A LES 8.00H<\/p>\n\n\n\n<p><strong>TEMPS M\u00c0XIM<\/strong><\/p>\n\n\n\n<p>4 HORES 30 MINUTS<\/p>\n\n\n\n<p><strong>AVITUALLAMENTS<\/strong><\/p>\n\n\n\n<p>KM 5 \u2013 l\u00edquid i s\u00f2lid<br>KM 10 \u2013  l\u00edquid i s\u00f2lid<br>KM 15 \u2013 ARRIBADA \u2013 l\u00edquid i s\u00f2lid<\/p>\n\n\n\n<p><strong>MATERIAL OBLIGATORI<\/strong><\/p>\n\n\n\n<p>1. ENV\u00c0S REUTILITZABLE<br>2. DORSAL EN UN LLOC VISIBLE EN TOT MOMENT DES DE LA SORTIDA FINS L\u2019ARRIBADA<\/p>\n\n\n\n<hr class=\"wp-block-separator has-alpha-channel-opacity\"\/>\n\n\n\n<h2 class=\"wp-block-heading\"><strong>FITXA T\u00c8CNICA<\/strong> 10km<\/h2>\n\n\n\n<p><strong>DIST\u00c0NCIA<\/strong><\/p>\n\n\n\n<p><em>10KM<\/em><\/p>\n\n\n\n<p><strong>SORTIDA<\/strong><\/p>\n\n\n\n<p>DIUMENGE 9 DE MAIG A LES 8.00H<\/p>\n\n\n\n<p><strong>TEMPS M\u00c0XIM<\/strong><\/p>\n\n\n\n<p>4 HORES 30 MINUTS<\/p>\n\n\n\n<p><strong>AVITUALLAMENTS<\/strong><\/p>\n\n\n\n<p>KM 5 \u2013 l\u00edquid i s\u00f2lid<br>KM 10 \u2013 ARRIBADA \u2013 l\u00edquid i s\u00f2lid<\/p>\n\n\n\n<p><strong>MATERIAL OBLIGATORI<\/strong><\/p>\n\n\n\n<p>1. ENV\u00c0S REUTILITZABLE<br>2. DORSAL EN UN LLOC VISIBLE EN TOT MOMENT DES DE LA SORTIDA FINS L\u2019ARRIBADA<br><\/p>\n<\/div>\n\n\n\n<div class=\"wp-block-column is-layout-flow wp-block-column-is-layout-flow\">\n<div class=\"wp-block-cover is-light wp-duotone-000000-cf2e2e-1\"><span aria-hidden=\"true\" class=\"wp-block-cover__background has-background-dim\"><\/span><img loading=\"lazy\" decoding=\"async\" width=\"768\" height=\"1024\" class=\"wp-block-cover__image-background wp-image-161\" alt=\"\" src=\"https:\/\/www.cmvalldarbucies.cat\/wp-content\/uploads\/2023\/02\/WhatsApp-Image-2023-02-20-at-19.23.26-2-768x1024.jpeg\" data-object-fit=\"cover\" srcset=\"https:\/\/www.cmvalldarbucies.cat\/wp-content\/uploads\/2023\/02\/WhatsApp-Image-2023-02-20-at-19.23.26-2-768x1024.jpeg 768w, https:\/\/www.cmvalldarbucies.cat\/wp-content\/uploads\/2023\/02\/WhatsApp-Image-2023-02-20-at-19.23.26-2-225x300.jpeg 225w, https:\/\/www.cmvalldarbucies.cat\/wp-content\/uploads\/2023\/02\/WhatsApp-Image-2023-02-20-at-19.23.26-2-1152x1536.jpeg 1152w, https:\/\/www.cmvalldarbucies.cat\/wp-content\/uploads\/2023\/02\/WhatsApp-Image-2023-02-20-at-19.23.26-2-600x800.jpeg 600w, https:\/\/www.cmvalldarbucies.cat\/wp-content\/uploads\/2023\/02\/WhatsApp-Image-2023-02-20-at-19.23.26-2.jpeg 1500w\" sizes=\"(max-width: 768px) 100vw, 768px\" \/><div class=\"wp-block-cover__inner-container is-layout-flow wp-block-cover-is-layout-flow\">\n<p class=\"has-text-align-center has-large-font-size\"><\/p>\n<\/div><\/div>\n<\/div>\n<\/div>\n","protected":false},"excerpt":{"rendered":"<p>Des de fa uns anys es duen a terme dues marxes; la CL\u00c0SSICA Marxa de la primavera d&#8217;Arb\u00facies d&#8217;uns 15km i una variant d&#8217;aquesta d&#8217;uns 10km. Cada any es dissenya un recorregut diferent que us permetr\u00e0 con\u00e8ixer els nostres camins i corriols senzills acompanyat de la fam\u00edlia i\/o els amics. Recorregut no cronometrat. FITXA T\u00c8CNICA &hellip; <\/p>\n<p class=\"link-more\"><a href=\"https:\/\/www.cmvalldarbucies.cat\/index.php\/17km-600d-2\/\" class=\"more-link\">Leer m\u00e1s<span class=\"screen-reader-text\"> \u00abMARXA DE LA PRIMAVERA 10KM I 15KM\u00bb<\/span><\/a><\/p>\n","protected":false},"author":1,"featured_media":0,"parent":0,"menu_order":0,"comment_status":"closed","ping_status":"closed","template":"","meta":{"footnotes":""},"class_list":["post-158","page","type-page","status-publish","hentry"],"yoast_head":"<!-- This site is optimized with the Yoast SEO plugin v20.2.1 - https:\/\/yoast.com\/wordpress\/plugins\/seo\/ -->\n<title>MARXA DE LA PRIMAVERA 10KM I 15KM - CM Vall d&#039;Arb\u00facies<\/title>\n<meta name=\"robots\" content=\"index, follow, max-snippet:-1, max-image-preview:large, max-video-preview:-1\" \/>\n<link rel=\"canonical\" href=\"https:\/\/www.cmvalldarbucies.cat\/index.php\/17km-600d-2\/\" \/>\n<meta property=\"og:locale\" content=\"es_ES\" \/>\n<meta property=\"og:type\" content=\"article\" \/>\n<meta property=\"og:title\" content=\"MARXA DE LA PRIMAVERA 10KM I 15KM - CM Vall d&#039;Arb\u00facies\" \/>\n<meta property=\"og:description\" content=\"Des de fa uns anys es duen a terme dues marxes; la CL\u00c0SSICA Marxa de la primavera d&#8217;Arb\u00facies d&#8217;uns 15km i una variant d&#8217;aquesta d&#8217;uns 10km. Cada any es dissenya un recorregut diferent que us permetr\u00e0 con\u00e8ixer els nostres camins i corriols senzills acompanyat de la fam\u00edlia i\/o els amics. Recorregut no cronometrat. FITXA T\u00c8CNICA &hellip; Leer m\u00e1s \u00abMARXA DE LA PRIMAVERA 10KM I 15KM\u00bb\" \/>\n<meta property=\"og:url\" content=\"https:\/\/www.cmvalldarbucies.cat\/index.php\/17km-600d-2\/\" \/>\n<meta property=\"og:site_name\" content=\"CM Vall d&#039;Arb\u00facies\" \/>\n<meta property=\"article:modified_time\" content=\"2026-03-22T19:40:16+00:00\" \/>\n<meta property=\"og:image\" content=\"https:\/\/www.cmvalldarbucies.cat\/wp-content\/uploads\/2023\/02\/WhatsApp-Image-2023-02-20-at-19.23.26-2-768x1024.jpeg\" \/>\n<meta name=\"twitter:card\" content=\"summary_large_image\" \/>\n<meta name=\"twitter:label1\" content=\"Tiempo de lectura\" \/>\n\t<meta name=\"twitter:data1\" content=\"1 minuto\" \/>\n<script type=\"application\/ld+json\" class=\"yoast-schema-graph\">{\"@context\":\"https:\/\/schema.org\",\"@graph\":[{\"@type\":\"WebPage\",\"@id\":\"https:\/\/www.cmvalldarbucies.cat\/index.php\/17km-600d-2\/\",\"url\":\"https:\/\/www.cmvalldarbucies.cat\/index.php\/17km-600d-2\/\",\"name\":\"MARXA DE LA PRIMAVERA 10KM I 15KM - CM Vall d&#039;Arb\u00facies\",\"isPartOf\":{\"@id\":\"https:\/\/www.cmvalldarbucies.cat\/#website\"},\"datePublished\":\"2023-02-27T18:24:31+00:00\",\"dateModified\":\"2026-03-22T19:40:16+00:00\",\"breadcrumb\":{\"@id\":\"https:\/\/www.cmvalldarbucies.cat\/index.php\/17km-600d-2\/#breadcrumb\"},\"inLanguage\":\"es\",\"potentialAction\":[{\"@type\":\"ReadAction\",\"target\":[\"https:\/\/www.cmvalldarbucies.cat\/index.php\/17km-600d-2\/\"]}]},{\"@type\":\"BreadcrumbList\",\"@id\":\"https:\/\/www.cmvalldarbucies.cat\/index.php\/17km-600d-2\/#breadcrumb\",\"itemListElement\":[{\"@type\":\"ListItem\",\"position\":1,\"name\":\"Portada\",\"item\":\"https:\/\/www.cmvalldarbucies.cat\/\"},{\"@type\":\"ListItem\",\"position\":2,\"name\":\"MARXA DE LA PRIMAVERA 10KM I 15KM\"}]},{\"@type\":\"WebSite\",\"@id\":\"https:\/\/www.cmvalldarbucies.cat\/#website\",\"url\":\"https:\/\/www.cmvalldarbucies.cat\/\",\"name\":\"cmvalldarbucies\",\"description\":\"Cursa de muntanya de la vall d&#039;Arb\u00facies\",\"publisher\":{\"@id\":\"https:\/\/www.cmvalldarbucies.cat\/#organization\"},\"potentialAction\":[{\"@type\":\"SearchAction\",\"target\":{\"@type\":\"EntryPoint\",\"urlTemplate\":\"https:\/\/www.cmvalldarbucies.cat\/?s={search_term_string}\"},\"query-input\":\"required name=search_term_string\"}],\"inLanguage\":\"es\"},{\"@type\":\"Organization\",\"@id\":\"https:\/\/www.cmvalldarbucies.cat\/#organization\",\"name\":\"cmvalldarbucies\",\"url\":\"https:\/\/www.cmvalldarbucies.cat\/\",\"logo\":{\"@type\":\"ImageObject\",\"inLanguage\":\"es\",\"@id\":\"https:\/\/www.cmvalldarbucies.cat\/#\/schema\/logo\/image\/\",\"url\":\"https:\/\/www.cmvalldarbucies.cat\/wp-content\/uploads\/2023\/02\/LogoCM-BN.pdf.png\",\"contentUrl\":\"https:\/\/www.cmvalldarbucies.cat\/wp-content\/uploads\/2023\/02\/LogoCM-BN.pdf.png\",\"width\":2000,\"height\":1455,\"caption\":\"cmvalldarbucies\"},\"image\":{\"@id\":\"https:\/\/www.cmvalldarbucies.cat\/#\/schema\/logo\/image\/\"},\"sameAs\":[\"https:\/\/www.instagram.com\/cmvalldarbucies\/\"]}]}<\/script>\n<!-- \/ Yoast SEO plugin. -->","yoast_head_json":{"title":"MARXA DE LA PRIMAVERA 10KM I 15KM - CM Vall d&#039;Arb\u00facies","robots":{"index":"index","follow":"follow","max-snippet":"max-snippet:-1","max-image-preview":"max-image-preview:large","max-video-preview":"max-video-preview:-1"},"canonical":"https:\/\/www.cmvalldarbucies.cat\/index.php\/17km-600d-2\/","og_locale":"es_ES","og_type":"article","og_title":"MARXA DE LA PRIMAVERA 10KM I 15KM - CM Vall d&#039;Arb\u00facies","og_description":"Des de fa uns anys es duen a terme dues marxes; la CL\u00c0SSICA Marxa de la primavera d&#8217;Arb\u00facies d&#8217;uns 15km i una variant d&#8217;aquesta d&#8217;uns 10km. Cada any es dissenya un recorregut diferent que us permetr\u00e0 con\u00e8ixer els nostres camins i corriols senzills acompanyat de la fam\u00edlia i\/o els amics. Recorregut no cronometrat. FITXA T\u00c8CNICA &hellip; Leer m\u00e1s \u00abMARXA DE LA PRIMAVERA 10KM I 15KM\u00bb","og_url":"https:\/\/www.cmvalldarbucies.cat\/index.php\/17km-600d-2\/","og_site_name":"CM Vall d&#039;Arb\u00facies","article_modified_time":"2026-03-22T19:40:16+00:00","og_image":[{"url":"https:\/\/www.cmvalldarbucies.cat\/wp-content\/uploads\/2023\/02\/WhatsApp-Image-2023-02-20-at-19.23.26-2-768x1024.jpeg"}],"twitter_card":"summary_large_image","twitter_misc":{"Tiempo de lectura":"1 minuto"},"schema":{"@context":"https:\/\/schema.org","@graph":[{"@type":"WebPage","@id":"https:\/\/www.cmvalldarbucies.cat\/index.php\/17km-600d-2\/","url":"https:\/\/www.cmvalldarbucies.cat\/index.php\/17km-600d-2\/","name":"MARXA DE LA PRIMAVERA 10KM I 15KM - CM Vall d&#039;Arb\u00facies","isPartOf":{"@id":"https:\/\/www.cmvalldarbucies.cat\/#website"},"datePublished":"2023-02-27T18:24:31+00:00","dateModified":"2026-03-22T19:40:16+00:00","breadcrumb":{"@id":"https:\/\/www.cmvalldarbucies.cat\/index.php\/17km-600d-2\/#breadcrumb"},"inLanguage":"es","potentialAction":[{"@type":"ReadAction","target":["https:\/\/www.cmvalldarbucies.cat\/index.php\/17km-600d-2\/"]}]},{"@type":"BreadcrumbList","@id":"https:\/\/www.cmvalldarbucies.cat\/index.php\/17km-600d-2\/#breadcrumb","itemListElement":[{"@type":"ListItem","position":1,"name":"Portada","item":"https:\/\/www.cmvalldarbucies.cat\/"},{"@type":"ListItem","position":2,"name":"MARXA DE LA PRIMAVERA 10KM I 15KM"}]},{"@type":"WebSite","@id":"https:\/\/www.cmvalldarbucies.cat\/#website","url":"https:\/\/www.cmvalldarbucies.cat\/","name":"cmvalldarbucies","description":"Cursa de muntanya de la vall d&#039;Arb\u00facies","publisher":{"@id":"https:\/\/www.cmvalldarbucies.cat\/#organization"},"potentialAction":[{"@type":"SearchAction","target":{"@type":"EntryPoint","urlTemplate":"https:\/\/www.cmvalldarbucies.cat\/?s={search_term_string}"},"query-input":"required name=search_term_string"}],"inLanguage":"es"},{"@type":"Organization","@id":"https:\/\/www.cmvalldarbucies.cat\/#organization","name":"cmvalldarbucies","url":"https:\/\/www.cmvalldarbucies.cat\/","logo":{"@type":"ImageObject","inLanguage":"es","@id":"https:\/\/www.cmvalldarbucies.cat\/#\/schema\/logo\/image\/","url":"https:\/\/www.cmvalldarbucies.cat\/wp-content\/uploads\/2023\/02\/LogoCM-BN.pdf.png","contentUrl":"https:\/\/www.cmvalldarbucies.cat\/wp-content\/uploads\/2023\/02\/LogoCM-BN.pdf.png","width":2000,"height":1455,"caption":"cmvalldarbucies"},"image":{"@id":"https:\/\/www.cmvalldarbucies.cat\/#\/schema\/logo\/image\/"},"sameAs":["https:\/\/www.instagram.com\/cmvalldarbucies\/"]}]}},"featured_media_urls":[],"_links":{"self":[{"href":"https:\/\/www.cmvalldarbucies.cat\/index.php\/wp-json\/wp\/v2\/pages\/158"}],"collection":[{"href":"https:\/\/www.cmvalldarbucies.cat\/index.php\/wp-json\/wp\/v2\/pages"}],"about":[{"href":"https:\/\/www.cmvalldarbucies.cat\/index.php\/wp-json\/wp\/v2\/types\/page"}],"author":[{"embeddable":true,"href":"https:\/\/www.cmvalldarbucies.cat\/index.php\/wp-json\/wp\/v2\/users\/1"}],"replies":[{"embeddable":true,"href":"https:\/\/www.cmvalldarbucies.cat\/index.php\/wp-json\/wp\/v2\/comments?post=158"}],"version-history":[{"count":14,"href":"https:\/\/www.cmvalldarbucies.cat\/index.php\/wp-json\/wp\/v2\/pages\/158\/revisions"}],"predecessor-version":[{"id":1075,"href":"https:\/\/www.cmvalldarbucies.cat\/index.php\/wp-json\/wp\/v2\/pages\/158\/revisions\/1075"}],"wp:attachment":[{"href":"https:\/\/www.cmvalldarbucies.cat\/index.php\/wp-json\/wp\/v2\/media?parent=158"}],"curies":[{"name":"wp","href":"https:\/\/api.w.org\/{rel}","templated":true}]}}